{"id":120,"date":"2024-08-22T10:49:04","date_gmt":"2024-08-22T07:49:04","guid":{"rendered":"https:\/\/etelasuomenaa.net\/?page_id=120"},"modified":"2024-08-23T09:32:18","modified_gmt":"2024-08-23T06:32:18","slug":"suljettu-kokous-vain-alkoholisteille","status":"publish","type":"page","link":"https:\/\/etelasuomenaa.net\/index.php\/suljettu-kokous-vain-alkoholisteille\/","title":{"rendered":"Suljettu kokous &#8211; vain alkoholisteille"},"content":{"rendered":"<p><img loading=\"lazy\" decoding=\"async\" class=\"alignnone size-medium wp-image-121\" src=\"https:\/\/etelasuomenaa.net\/wp-content\/uploads\/2024\/08\/aa-6-300x198.jpg\" alt=\"\" width=\"300\" height=\"198\" srcset=\"https:\/\/etelasuomenaa.net\/wp-content\/uploads\/2024\/08\/aa-6-300x198.jpg 300w, https:\/\/etelasuomenaa.net\/wp-content\/uploads\/2024\/08\/aa-6.jpg 600w\" sizes=\"auto, (max-width: 300px) 100vw, 300px\" \/><\/p>\n<p>AA-kokouksia on periaatteessa kahdenlaisia: suljettuja ja avoimia. Suljetut AA-kokoukset ovat niit\u00e4 ihmisi\u00e4 varten, joiden mielest\u00e4 heill\u00e4 on alkoholiongelma. Niihin ei ulkopuolisilla ole lupa osallistua.<\/p>\n<p>Suomessa j\u00e4rjestet\u00e4\u00e4n AA-kokouksia p\u00e4ivitt\u00e4in, suurilla paikkakunnilla on useitakin kokouksia samana p\u00e4iv\u00e4n\u00e4, joihin jokainen apua tarvitseva alkoholisti voi osallistua.<\/p>\n<p>Internetist\u00e4 l\u00f6ytyy my\u00f6s verkkossa toimivia AA-ryhmi\u00e4. Yleens\u00e4 n\u00e4m\u00e4 ovat suljettuja AA-kokouksia, jollei toisin mainita. <a href=\"https:\/\/www.aa.fi\/post\/verkkoryhmat-2024\" target=\"_blank\" rel=\"noopener\">Verkkoryhm\u00e4t l\u00f6yd\u00e4t t\u00e4\u00e4lt\u00e4!<\/a><\/p>\n<p>Tavallisesti AA-kokouksen alussa luetaan teksti\u00e4 AA-kirjallisuudesta, jonka j\u00e4lkeen kokouksessa on kiert\u00e4v\u00e4 puheenvuoro. Kun yksi puhuu, muut kuuntelevat. Muiden puheenvuoroja ei kommentoida.<\/p>\n<p>Ryhmiss\u00e4 on tapana ker\u00e4t\u00e4 my\u00f6s 7.s perinne, eli vapaaehtoinen avustus, jolla ryhm\u00e4 kattaa omat kulunsa. Varattomuus ei kuitenkaan ole este ryhm\u00e4\u00e4n osallistumiselle.<\/p>\n","protected":false},"excerpt":{"rendered":"<p>AA-kokouksia on periaatteessa kahdenlaisia: suljettuja ja avoimia. Suljetut AA-kokoukset ovat niit\u00e4 ihmisi\u00e4 varten, joiden mielest\u00e4 heill\u00e4 on alkoholiongelma. Niihin ei ulkopuolisilla ole lupa osallistua. Suomessa j\u00e4rjestet\u00e4\u00e4n AA-kokouksia p\u00e4ivitt\u00e4in, suurilla paikkakunnilla on useitakin kokouksia samana p\u00e4iv\u00e4n\u00e4, joihin jokainen apua tarvitseva alkoholisti voi osallistua. Internetist\u00e4 l\u00f6ytyy my\u00f6s verkkossa toimivia AA-ryhmi\u00e4. Yleens\u00e4 n\u00e4m\u00e4 ovat suljettuja AA-kokouksia, jollei toisin<\/p><\/div>\n<div class=\"blog-btn\"><a href=\"https:\/\/etelasuomenaa.net\/index.php\/suljettu-kokous-vain-alkoholisteille\/\" class=\"home-blog-btn\">Lue lis\u00e4\u00e4<\/a><\/p>\n","protected":false},"author":1,"featured_media":0,"parent":0,"menu_order":0,"comment_status":"closed","ping_status":"closed","template":"","meta":{"footnotes":""},"class_list":["post-120","page","type-page","status-publish","hentry"],"jetpack_sharing_enabled":true,"_links":{"self":[{"href":"https:\/\/etelasuomenaa.net\/index.php\/wp-json\/wp\/v2\/pages\/120","targetHints":{"allow":["GET"]}}],"collection":[{"href":"https:\/\/etelasuomenaa.net\/index.php\/wp-json\/wp\/v2\/pages"}],"about":[{"href":"https:\/\/etelasuomenaa.net\/index.php\/wp-json\/wp\/v2\/types\/page"}],"author":[{"embeddable":true,"href":"https:\/\/etelasuomenaa.net\/index.php\/wp-json\/wp\/v2\/users\/1"}],"replies":[{"embeddable":true,"href":"https:\/\/etelasuomenaa.net\/index.php\/wp-json\/wp\/v2\/comments?post=120"}],"version-history":[{"count":3,"href":"https:\/\/etelasuomenaa.net\/index.php\/wp-json\/wp\/v2\/pages\/120\/revisions"}],"predecessor-version":[{"id":136,"href":"https:\/\/etelasuomenaa.net\/index.php\/wp-json\/wp\/v2\/pages\/120\/revisions\/136"}],"wp:attachment":[{"href":"https:\/\/etelasuomenaa.net\/index.php\/wp-json\/wp\/v2\/media?parent=120"}],"curies":[{"name":"wp","href":"https:\/\/api.w.org\/{rel}","templated":true}]}}