{"id":124,"date":"2024-08-22T10:50:49","date_gmt":"2024-08-22T07:50:49","guid":{"rendered":"https:\/\/etelasuomenaa.net\/?page_id=124"},"modified":"2024-08-22T10:50:49","modified_gmt":"2024-08-22T07:50:49","slug":"avoimet-kokoukset","status":"publish","type":"page","link":"https:\/\/etelasuomenaa.net\/index.php\/avoimet-kokoukset\/","title":{"rendered":"Avoimet kokoukset"},"content":{"rendered":"<p><img loading=\"lazy\" decoding=\"async\" class=\"alignnone size-medium wp-image-122\" src=\"https:\/\/etelasuomenaa.net\/wp-content\/uploads\/2024\/08\/aa-7-300x200.jpg\" alt=\"\" width=\"300\" height=\"200\" srcset=\"https:\/\/etelasuomenaa.net\/wp-content\/uploads\/2024\/08\/aa-7-300x200.jpg 300w, https:\/\/etelasuomenaa.net\/wp-content\/uploads\/2024\/08\/aa-7-1024x683.jpg 1024w, https:\/\/etelasuomenaa.net\/wp-content\/uploads\/2024\/08\/aa-7-768x512.jpg 768w, https:\/\/etelasuomenaa.net\/wp-content\/uploads\/2024\/08\/aa-7-1536x1024.jpg 1536w, https:\/\/etelasuomenaa.net\/wp-content\/uploads\/2024\/08\/aa-7.jpg 1920w\" sizes=\"auto, (max-width: 300px) 100vw, 300px\" \/><br \/>\nAA-ryhmien j\u00e4rjest\u00e4miin avoimiin AA-kokouksiin (avokokous) ja tiedotustilaisuuksiin on tervetullut kuka tahansa AA-yhteis\u00f6st\u00e4 kiinnostunut henkil\u00f6. Kokouksissa j\u00e4senet jakavat kokemuksensa siit\u00e4, millaista el\u00e4m\u00e4 oli juomisen aikana ja millaista se on raittiina. Avokokoukseen osallistuminen on yleens\u00e4 nopein tapa saada selkoa AA:n toiminnasta. Ainut mihin avokokoukseen osallistujaa velvoitetaan on, ettei h\u00e4n paljasta AA:n j\u00e4senten nimi\u00e4 kokouksen ulkopuolella.<\/p>\n<p>Varsinkin uusia j\u00e4seni\u00e4 kehotetaan tuomaan avokokouksiin vaimonsa, aviomiehens\u00e4, ty\u00f6nantajansa tai yst\u00e4v\u00e4ns\u00e4, koska alkoholistin toipumiselle voi olla suureksi avuksi, jos\u00a0 my\u00f6s h\u00e4nen l\u00e4heisens\u00e4 tutustuvat AA:n vertaistukitoimintaan ja toipumisohjelmaan.<\/p>\n<p><strong>Toistettakoon viel\u00e4, ett\u00e4 suljettuihin AA kokouksiin eiv\u00e4t AA:n perinteiden mukaisesti voi osallistua muut kuin alkoholiongelmaiset.<\/strong><\/p>\n","protected":false},"excerpt":{"rendered":"<p>AA-ryhmien j\u00e4rjest\u00e4miin avoimiin AA-kokouksiin (avokokous) ja tiedotustilaisuuksiin on tervetullut kuka tahansa AA-yhteis\u00f6st\u00e4 kiinnostunut henkil\u00f6. Kokouksissa j\u00e4senet jakavat kokemuksensa siit\u00e4, millaista el\u00e4m\u00e4 oli juomisen aikana ja millaista se on raittiina. Avokokoukseen osallistuminen on yleens\u00e4 nopein tapa saada selkoa AA:n toiminnasta. Ainut mihin avokokoukseen osallistujaa velvoitetaan on, ettei h\u00e4n paljasta AA:n j\u00e4senten nimi\u00e4 kokouksen ulkopuolella. Varsinkin uusia<\/p><\/div>\n<div class=\"blog-btn\"><a href=\"https:\/\/etelasuomenaa.net\/index.php\/avoimet-kokoukset\/\" class=\"home-blog-btn\">Lue lis\u00e4\u00e4<\/a><\/p>\n","protected":false},"author":1,"featured_media":0,"parent":0,"menu_order":0,"comment_status":"closed","ping_status":"closed","template":"","meta":{"footnotes":""},"class_list":["post-124","page","type-page","status-publish","hentry"],"jetpack_sharing_enabled":true,"_links":{"self":[{"href":"https:\/\/etelasuomenaa.net\/index.php\/wp-json\/wp\/v2\/pages\/124","targetHints":{"allow":["GET"]}}],"collection":[{"href":"https:\/\/etelasuomenaa.net\/index.php\/wp-json\/wp\/v2\/pages"}],"about":[{"href":"https:\/\/etelasuomenaa.net\/index.php\/wp-json\/wp\/v2\/types\/page"}],"author":[{"embeddable":true,"href":"https:\/\/etelasuomenaa.net\/index.php\/wp-json\/wp\/v2\/users\/1"}],"replies":[{"embeddable":true,"href":"https:\/\/etelasuomenaa.net\/index.php\/wp-json\/wp\/v2\/comments?post=124"}],"version-history":[{"count":1,"href":"https:\/\/etelasuomenaa.net\/index.php\/wp-json\/wp\/v2\/pages\/124\/revisions"}],"predecessor-version":[{"id":125,"href":"https:\/\/etelasuomenaa.net\/index.php\/wp-json\/wp\/v2\/pages\/124\/revisions\/125"}],"wp:attachment":[{"href":"https:\/\/etelasuomenaa.net\/index.php\/wp-json\/wp\/v2\/media?parent=124"}],"curies":[{"name":"wp","href":"https:\/\/api.w.org\/{rel}","templated":true}]}}