{"id":130,"date":"2024-08-22T12:19:06","date_gmt":"2024-08-22T09:19:06","guid":{"rendered":"https:\/\/etelasuomenaa.net\/?page_id=130"},"modified":"2026-04-20T09:03:46","modified_gmt":"2026-04-20T06:03:46","slug":"aineistoa","status":"publish","type":"page","link":"https:\/\/etelasuomenaa.net\/index.php\/aineistoa\/","title":{"rendered":"Aineistoa"},"content":{"rendered":"<h3>Kuunneltavaa AA-aineistoa l\u00f6ytyy t\u00e4\u00e4lt\u00e4!<\/h3>\n<p><a href=\"https:\/\/open.spotify.com\/show\/6WMZxfOS0ytedo6orb3WRy\" target=\"_blank\" rel=\"noopener\">AA-Podcast<\/a><\/p>\n<p><a href=\"https:\/\/soundcloud.com\/pertti-huuskonen\/sets\/isokirja\" target=\"_blank\" rel=\"noopener\">Iso kirja Sound Cloudissa<\/a><\/p>\n<p><a href=\"https:\/\/www.aa.fi\/post\/%C3%A4%C3%A4nikirja-nimett%C3%B6m%C3%A4t-alkoholistit\" target=\"_blank\" rel=\"noopener\">Iso kirja AA:n sivustolla<\/a><\/p>\n<h3>Luettavaa AA-aineistoa l\u00f6ytyy t\u00e4\u00e4lt\u00e4!<\/h3>\n<p><a href=\"https:\/\/www.aa.fi\/category\/kaikki-tuotteet\" target=\"_blank\" rel=\"noopener\">AA.fi verkkokauppa<\/a><\/p>\n","protected":false},"excerpt":{"rendered":"<p>Kuunneltavaa AA-aineistoa l\u00f6ytyy t\u00e4\u00e4lt\u00e4! AA-Podcast Iso kirja Sound Cloudissa Iso kirja AA:n sivustolla Luettavaa AA-aineistoa l\u00f6ytyy t\u00e4\u00e4lt\u00e4! AA.fi verkkokauppa<\/p>\n","protected":false},"author":1,"featured_media":0,"parent":0,"menu_order":0,"comment_status":"closed","ping_status":"closed","template":"","meta":{"footnotes":""},"class_list":["post-130","page","type-page","status-publish","hentry"],"jetpack_sharing_enabled":true,"_links":{"self":[{"href":"https:\/\/etelasuomenaa.net\/index.php\/wp-json\/wp\/v2\/pages\/130","targetHints":{"allow":["GET"]}}],"collection":[{"href":"https:\/\/etelasuomenaa.net\/index.php\/wp-json\/wp\/v2\/pages"}],"about":[{"href":"https:\/\/etelasuomenaa.net\/index.php\/wp-json\/wp\/v2\/types\/page"}],"author":[{"embeddable":true,"href":"https:\/\/etelasuomenaa.net\/index.php\/wp-json\/wp\/v2\/users\/1"}],"replies":[{"embeddable":true,"href":"https:\/\/etelasuomenaa.net\/index.php\/wp-json\/wp\/v2\/comments?post=130"}],"version-history":[{"count":2,"href":"https:\/\/etelasuomenaa.net\/index.php\/wp-json\/wp\/v2\/pages\/130\/revisions"}],"predecessor-version":[{"id":195,"href":"https:\/\/etelasuomenaa.net\/index.php\/wp-json\/wp\/v2\/pages\/130\/revisions\/195"}],"wp:attachment":[{"href":"https:\/\/etelasuomenaa.net\/index.php\/wp-json\/wp\/v2\/media?parent=130"}],"curies":[{"name":"wp","href":"https:\/\/api.w.org\/{rel}","templated":true}]}}