{"id":15,"date":"2024-08-20T13:10:34","date_gmt":"2024-08-20T10:10:34","guid":{"rendered":"https:\/\/etelasuomenaa.net\/wordpress\/?page_id=15"},"modified":"2024-08-23T09:40:02","modified_gmt":"2024-08-23T06:40:02","slug":"alkoholiongelma","status":"publish","type":"page","link":"https:\/\/etelasuomenaa.net\/index.php\/alkoholiongelma\/","title":{"rendered":"Alkoholiongelma?"},"content":{"rendered":"<p><img loading=\"lazy\" decoding=\"async\" class=\"alignnone size-medium wp-image-16\" src=\"https:\/\/etelasuomenaa.net\/wp-content\/uploads\/2024\/08\/lasillinen-300x136.jpg\" alt=\"\" width=\"300\" height=\"136\" srcset=\"https:\/\/etelasuomenaa.net\/wp-content\/uploads\/2024\/08\/lasillinen-300x136.jpg 300w, https:\/\/etelasuomenaa.net\/wp-content\/uploads\/2024\/08\/lasillinen.jpg 333w\" sizes=\"auto, (max-width: 300px) 100vw, 300px\" \/><\/p>\n<p>Jos tied\u00e4t ett\u00e4 sinulla on alkoholiongelma tai juomisesi huolestuttaa sinua, saatat olla kiinnostunut AA:sta ja 12 askeleen toipumisohjelmasta.<\/p>\n<p>Luettuasi t\u00e4m\u00e4n esittelyn voit kuitenkin ajatella, ett\u00e4 AA:lla ei ole mit\u00e4\u00e4n tarjottavaa sinulle.<\/p>\n<p>Jos p\u00e4\u00e4dyt siihen tulokseen, ehdotamme kuitenkin ett\u00e4 suhtaudut asiaan ennakkoluulottomasti.<\/p>\n<p>Harkitse juomistasi tarkkaan n\u00e4ilt\u00e4 sivuilta l\u00f6ytyv\u00e4n tiedon valossa. P\u00e4\u00e4t\u00e4 itse onko alkoholista tullut sinulle ongelma.<\/p>\n<p>Muista ett\u00e4 olet aina tervetullut AA:n tuhansien miesten ja naisten joukkoon. N\u00e4m\u00e4 ihmiset ovat ratkaisseet alkoholiongelmansa ja opettelevat nyt \u201dnormaaliel\u00e4m\u00e4\u00e4\u201d p\u00e4iv\u00e4 kerrallaan raittiina.<\/p>\n","protected":false},"excerpt":{"rendered":"<p>Jos tied\u00e4t ett\u00e4 sinulla on alkoholiongelma tai juomisesi huolestuttaa sinua, saatat olla kiinnostunut AA:sta ja 12 askeleen toipumisohjelmasta. Luettuasi t\u00e4m\u00e4n esittelyn voit kuitenkin ajatella, ett\u00e4 AA:lla ei ole mit\u00e4\u00e4n tarjottavaa sinulle. Jos p\u00e4\u00e4dyt siihen tulokseen, ehdotamme kuitenkin ett\u00e4 suhtaudut asiaan ennakkoluulottomasti. Harkitse juomistasi tarkkaan n\u00e4ilt\u00e4 sivuilta l\u00f6ytyv\u00e4n tiedon valossa. P\u00e4\u00e4t\u00e4 itse onko alkoholista tullut sinulle<\/p><\/div>\n<div class=\"blog-btn\"><a href=\"https:\/\/etelasuomenaa.net\/index.php\/alkoholiongelma\/\" class=\"home-blog-btn\">Lue lis\u00e4\u00e4<\/a><\/p>\n","protected":false},"author":1,"featured_media":0,"parent":0,"menu_order":0,"comment_status":"closed","ping_status":"closed","template":"","meta":{"footnotes":""},"class_list":["post-15","page","type-page","status-publish","hentry"],"jetpack_sharing_enabled":true,"_links":{"self":[{"href":"https:\/\/etelasuomenaa.net\/index.php\/wp-json\/wp\/v2\/pages\/15","targetHints":{"allow":["GET"]}}],"collection":[{"href":"https:\/\/etelasuomenaa.net\/index.php\/wp-json\/wp\/v2\/pages"}],"about":[{"href":"https:\/\/etelasuomenaa.net\/index.php\/wp-json\/wp\/v2\/types\/page"}],"author":[{"embeddable":true,"href":"https:\/\/etelasuomenaa.net\/index.php\/wp-json\/wp\/v2\/users\/1"}],"replies":[{"embeddable":true,"href":"https:\/\/etelasuomenaa.net\/index.php\/wp-json\/wp\/v2\/comments?post=15"}],"version-history":[{"count":2,"href":"https:\/\/etelasuomenaa.net\/index.php\/wp-json\/wp\/v2\/pages\/15\/revisions"}],"predecessor-version":[{"id":137,"href":"https:\/\/etelasuomenaa.net\/index.php\/wp-json\/wp\/v2\/pages\/15\/revisions\/137"}],"wp:attachment":[{"href":"https:\/\/etelasuomenaa.net\/index.php\/wp-json\/wp\/v2\/media?parent=15"}],"curies":[{"name":"wp","href":"https:\/\/api.w.org\/{rel}","templated":true}]}}