{"id":36,"date":"2024-08-20T14:35:19","date_gmt":"2024-08-20T11:35:19","guid":{"rendered":"https:\/\/etelasuomenaa.net\/wordpress\/?page_id=36"},"modified":"2024-08-22T10:53:15","modified_gmt":"2024-08-22T07:53:15","slug":"aa-kokoukset","status":"publish","type":"page","link":"https:\/\/etelasuomenaa.net\/index.php\/aa-kokoukset\/","title":{"rendered":"AA kokoukset"},"content":{"rendered":"<p><img loading=\"lazy\" decoding=\"async\" class=\"alignnone wp-image-37 \" src=\"https:\/\/etelasuomenaa.net\/wp-content\/uploads\/2024\/08\/meeting.jpg\" alt=\"\" width=\"290\" height=\"218\" \/><\/p>\n<p>AA-kokouksia Etel\u00e4-Suomen alueella on seuraavilla paikkakunnilla.<\/p>\n<p><strong>Hanko, Hausj\u00e4rvi,\u00a0Hyvink\u00e4\u00e4, Jokela,\u00a0J\u00e4rvenp\u00e4\u00e4, Karjaa, Karjalohja,\u00a0Karkkila, Kirkkonummi,\u00a0Kellokoski, Kerava, Klaukkala, Liljendahl, Lohja, Loviisa, L\u00e4yli\u00e4inen, M\u00e4nts\u00e4l\u00e4, Nummela, Nurmij\u00e4rvi, Porvoo, Rajam\u00e4ki, Riihim\u00e4ki, Siuntio, Tuusula, Vihti.<\/strong><\/p>\n<p>Tarkat\u00a0ryhmien\u00a0yhteystiedot karttalinkityksineen l\u00f6yd\u00e4t <a href=\"https:\/\/apps.hailer.com\/65434d13c1794343627d26e7\/659e7c76b691da60696d2f8e\/index.html\" target=\"_blank\" rel=\"noopener noreferrer\">Suomen AA-ryhm\u00e4haun kautta<\/a>.<\/p>\n<p>Saman ryhm\u00e4haun avulla\u00a0l\u00f6yd\u00e4t kaihttp:\/\/www.aa.fi\/groupsearch.phpkki muutkin Suomen AA-ryhm\u00e4t\u00a0sek\u00e4 ulkomailla\u00a0kokoontuvat suomenkieliset AA-ryhm\u00e4t.<\/p>\n<p>Ryhmien yhteystiedot l\u00f6ytyv\u00e4t my\u00f6s painetuista ryhm\u00e4luetteloista joita on saatavilla Vantaan toimistostamme sek\u00e4 AA-ryhmist\u00e4.<\/p>\n<p><a href=\"https:\/\/etelasuomenaa.net\/index.php\/suljettu-kokous-vain-alkoholisteille\/\" target=\"_blank\" rel=\"noopener\">Suljetut AA-kokoukset<\/a><\/p>\n<p><a href=\"https:\/\/etelasuomenaa.net\/index.php\/avoimet-kokoukset\/\" target=\"_blank\" rel=\"noopener\">Avoimet AA-kokoukset<\/a><\/p>\n","protected":false},"excerpt":{"rendered":"<p>AA-kokouksia Etel\u00e4-Suomen alueella on seuraavilla paikkakunnilla. Hanko, Hausj\u00e4rvi,\u00a0Hyvink\u00e4\u00e4, Jokela,\u00a0J\u00e4rvenp\u00e4\u00e4, Karjaa, Karjalohja,\u00a0Karkkila, Kirkkonummi,\u00a0Kellokoski, Kerava, Klaukkala, Liljendahl, Lohja, Loviisa, L\u00e4yli\u00e4inen, M\u00e4nts\u00e4l\u00e4, Nummela, Nurmij\u00e4rvi, Porvoo, Rajam\u00e4ki, Riihim\u00e4ki, Siuntio, Tuusula, Vihti. Tarkat\u00a0ryhmien\u00a0yhteystiedot karttalinkityksineen l\u00f6yd\u00e4t Suomen AA-ryhm\u00e4haun kautta. Saman ryhm\u00e4haun avulla\u00a0l\u00f6yd\u00e4t kaihttp:\/\/www.aa.fi\/groupsearch.phpkki muutkin Suomen AA-ryhm\u00e4t\u00a0sek\u00e4 ulkomailla\u00a0kokoontuvat suomenkieliset AA-ryhm\u00e4t. Ryhmien yhteystiedot l\u00f6ytyv\u00e4t my\u00f6s painetuista ryhm\u00e4luetteloista joita on saatavilla Vantaan toimistostamme sek\u00e4<\/p><\/div>\n<div class=\"blog-btn\"><a href=\"https:\/\/etelasuomenaa.net\/index.php\/aa-kokoukset\/\" class=\"home-blog-btn\">Lue lis\u00e4\u00e4<\/a><\/p>\n","protected":false},"author":1,"featured_media":0,"parent":0,"menu_order":0,"comment_status":"closed","ping_status":"closed","template":"","meta":{"footnotes":""},"class_list":["post-36","page","type-page","status-publish","hentry"],"jetpack_sharing_enabled":true,"_links":{"self":[{"href":"https:\/\/etelasuomenaa.net\/index.php\/wp-json\/wp\/v2\/pages\/36","targetHints":{"allow":["GET"]}}],"collection":[{"href":"https:\/\/etelasuomenaa.net\/index.php\/wp-json\/wp\/v2\/pages"}],"about":[{"href":"https:\/\/etelasuomenaa.net\/index.php\/wp-json\/wp\/v2\/types\/page"}],"author":[{"embeddable":true,"href":"https:\/\/etelasuomenaa.net\/index.php\/wp-json\/wp\/v2\/users\/1"}],"replies":[{"embeddable":true,"href":"https:\/\/etelasuomenaa.net\/index.php\/wp-json\/wp\/v2\/comments?post=36"}],"version-history":[{"count":5,"href":"https:\/\/etelasuomenaa.net\/index.php\/wp-json\/wp\/v2\/pages\/36\/revisions"}],"predecessor-version":[{"id":127,"href":"https:\/\/etelasuomenaa.net\/index.php\/wp-json\/wp\/v2\/pages\/36\/revisions\/127"}],"wp:attachment":[{"href":"https:\/\/etelasuomenaa.net\/index.php\/wp-json\/wp\/v2\/media?parent=36"}],"curies":[{"name":"wp","href":"https:\/\/api.w.org\/{rel}","templated":true}]}}