{"id":39,"date":"2024-08-20T14:37:43","date_gmt":"2024-08-20T11:37:43","guid":{"rendered":"https:\/\/etelasuomenaa.net\/wordpress\/?page_id=39"},"modified":"2025-05-23T10:09:35","modified_gmt":"2025-05-23T07:09:35","slug":"auttava-puhelin","status":"publish","type":"page","link":"https:\/\/etelasuomenaa.net\/index.php\/auttava-puhelin\/","title":{"rendered":"Auttava puhelin"},"content":{"rendered":"<p><img loading=\"lazy\" decoding=\"async\" class=\"alignnone size-full wp-image-40\" src=\"https:\/\/etelasuomenaa.net\/wp-content\/uploads\/2024\/08\/phone.jpg\" alt=\"\" width=\"275\" height=\"183\" \/><\/p>\n<ul>\n<li>Auttava puhelin &#8211; Hyvink\u00e4\u00e4,\u00a0<strong>040 747 4901 <\/strong>joka p\u00e4iv\u00e4 klo 18-21<\/li>\n<li>Auttava puhelin &#8211; Karjaa, <strong>040 3774690 <\/strong>klo.09.00-21.00 joka p\u00e4iv\u00e4.<\/li>\n<li>Auttava puhelin &#8211; Porvoo,<strong>019 524 8599<\/strong> ma-pe 19-21 ja la 10-12<\/li>\n<li>Auttava puhelin &#8211; Riihim\u00e4ki <strong>046 842 8308<\/strong><\/li>\n<li>Valtakunnallinen AA auttava puhelin <strong>09 750 200<\/strong> (klo 9-21).<\/li>\n<\/ul>\n<p>&nbsp;<\/p>\n<p><strong>Voit soittaa nimett\u00f6m\u00e4n\u00e4!<\/strong><\/p>\n","protected":false},"excerpt":{"rendered":"<p>Auttava puhelin &#8211; Hyvink\u00e4\u00e4,\u00a0040 747 4901 joka p\u00e4iv\u00e4 klo 18-21 Auttava puhelin &#8211; Karjaa, 040 3774690 klo.09.00-21.00 joka p\u00e4iv\u00e4. Auttava puhelin &#8211; Porvoo,019 524 8599 ma-pe 19-21 ja la 10-12 Auttava puhelin &#8211; Riihim\u00e4ki 046 842 8308 Valtakunnallinen AA auttava puhelin 09 750 200 (klo 9-21). &nbsp; Voit soittaa nimett\u00f6m\u00e4n\u00e4!<\/p>\n","protected":false},"author":1,"featured_media":0,"parent":0,"menu_order":0,"comment_status":"closed","ping_status":"closed","template":"","meta":{"footnotes":""},"class_list":["post-39","page","type-page","status-publish","hentry"],"jetpack_sharing_enabled":true,"_links":{"self":[{"href":"https:\/\/etelasuomenaa.net\/index.php\/wp-json\/wp\/v2\/pages\/39","targetHints":{"allow":["GET"]}}],"collection":[{"href":"https:\/\/etelasuomenaa.net\/index.php\/wp-json\/wp\/v2\/pages"}],"about":[{"href":"https:\/\/etelasuomenaa.net\/index.php\/wp-json\/wp\/v2\/types\/page"}],"author":[{"embeddable":true,"href":"https:\/\/etelasuomenaa.net\/index.php\/wp-json\/wp\/v2\/users\/1"}],"replies":[{"embeddable":true,"href":"https:\/\/etelasuomenaa.net\/index.php\/wp-json\/wp\/v2\/comments?post=39"}],"version-history":[{"count":5,"href":"https:\/\/etelasuomenaa.net\/index.php\/wp-json\/wp\/v2\/pages\/39\/revisions"}],"predecessor-version":[{"id":185,"href":"https:\/\/etelasuomenaa.net\/index.php\/wp-json\/wp\/v2\/pages\/39\/revisions\/185"}],"wp:attachment":[{"href":"https:\/\/etelasuomenaa.net\/index.php\/wp-json\/wp\/v2\/media?parent=39"}],"curies":[{"name":"wp","href":"https:\/\/api.w.org\/{rel}","templated":true}]}}