{"id":63,"date":"2024-08-20T17:40:00","date_gmt":"2024-08-20T14:40:00","guid":{"rendered":"https:\/\/etelasuomenaa.net\/wordpress\/?page_id=63"},"modified":"2024-08-20T18:18:15","modified_gmt":"2024-08-20T15:18:15","slug":"alueen-aa-ryhmat","status":"publish","type":"page","link":"https:\/\/etelasuomenaa.net\/index.php\/alueen-aa-ryhmat\/","title":{"rendered":"Alueen AA-ryhm\u00e4t"},"content":{"rendered":"\n<div class=\"wpdt-c row wpDataTableContainerSimpleTable wpDataTables wpDataTablesWrapper\n\"\n    >\n        <table id=\"wpdtSimpleTable-2\"\n           style=\"border-collapse:collapse;\n                   border-spacing:0px;\"\n           class=\"wpdtSimpleTable wpDataTable\"\n           data-column=\"3\"\n           data-rows=\"11\"\n           data-wpID=\"2\"\n           data-responsive=\"0\"\n           data-has-header=\"1\">\n\n                    <thead>        <tr class=\"wpdt-cell-row \" >\n                                <th class=\"wpdt-cell wpdt-bc-03A9F4 wpdt-bold wpdt-align-left\"\n                                            data-cell-id=\"A1\"\n                    data-col-index=\"0\"\n                    data-row-index=\"0\"\n                    style=\" width:27.700831024931%;                    padding:20px;\n                    \"\n                    >\n                                        RYHM\u00c4                    <\/th>\n                                                <th class=\"wpdt-cell wpdt-bc-03A9F4 wpdt-bold wpdt-align-left\"\n                                            data-cell-id=\"B1\"\n                    data-col-index=\"1\"\n                    data-row-index=\"0\"\n                    style=\" width:27.700831024931%;                    padding:20px;\n                    \"\n                    >\n                                        KAUPUNKI                    <\/th>\n                                                <th class=\"wpdt-cell wpdt-valign-top wpdt-bc-03A9F4 wpdt-bold wpdt-align-left\"\n                                            data-cell-id=\"C1\"\n                    data-col-index=\"2\"\n                    data-row-index=\"0\"\n                    style=\" width:44.598337950139%;                    padding:20px;\n                    \"\n                    >\n                                        YHTEYSTIEDOT                    <\/th>\n                                        <\/tr>\n                    <tbody>        <tr class=\"wpdt-cell-row \" >\n                                <td class=\"wpdt-cell wpdt-align-left wpdt-valign-top\"\n                                            data-cell-id=\"A2\"\n                    data-col-index=\"0\"\n                    data-row-index=\"1\"\n                    style=\"                    padding:20px;\n                    \"\n                    >\n                                        Karma \u00a0 \u00a0 \u00a0 \u00a0 \u00a0 \u00a0 \u00a0 \u00a0 \u00a0 \u00a0 \u00a0 \u00a0                    <\/td>\n                                                <td class=\"wpdt-cell wpdt-align-left wpdt-valign-top\"\n                                            data-cell-id=\"B2\"\n                    data-col-index=\"1\"\n                    data-row-index=\"1\"\n                    style=\"                    padding:20px;\n                    \"\n                    >\n                                        Hyvink\u00e4\u00e4\u00a0\u00a0\u00a0\u00a0\u00a0\u00a0\u00a0\u00a0\u00a0\u00a0\u00a0\u00a0\u00a0\u00a0\u00a0\u00a0\u00a0\u00a0 \u00a0 \u00a0 \u00a0                    <\/td>\n                                                <td class=\"wpdt-cell wpdt-align-left\"\n                                            data-cell-id=\"C2\"\n                    data-col-index=\"2\"\n                    data-row-index=\"1\"\n                    style=\"                    padding:20px;\n                    \"\n                    >\n                                        karmaryhma(at)gmail.com                    <\/td>\n                                        <\/tr>\n                            <tr class=\"wpdt-cell-row \" >\n                                <td class=\"wpdt-cell wpdt-align-left wpdt-valign-top\"\n                                            data-cell-id=\"A3\"\n                    data-col-index=\"0\"\n                    data-row-index=\"2\"\n                    style=\"                    padding:20px;\n                    \"\n                    >\n                                        Sveitsinryhm\u00e4                    <\/td>\n                                                <td class=\"wpdt-cell wpdt-align-left wpdt-valign-top\"\n                                            data-cell-id=\"B3\"\n                    data-col-index=\"1\"\n                    data-row-index=\"2\"\n                    style=\"                    padding:20px;\n                    \"\n                    >\n                                        Hyvink\u00e4\u00e4                    <\/td>\n                                                <td class=\"wpdt-cell wpdt-align-left\"\n                                            data-cell-id=\"C3\"\n                    data-col-index=\"2\"\n                    data-row-index=\"2\"\n                    style=\"                    padding:20px;\n                    \"\n                    >\n                                        sveitsinaa(at)gmail.com                    <\/td>\n                                        <\/tr>\n                            <tr class=\"wpdt-cell-row \" >\n                                <td class=\"wpdt-cell wpdt-align-left wpdt-valign-top\"\n                                            data-cell-id=\"A4\"\n                    data-col-index=\"0\"\n                    data-row-index=\"3\"\n                    style=\"                    padding:20px;\n                    \"\n                    >\n                                        Sopuryhm\u00e4                    <\/td>\n                                                <td class=\"wpdt-cell wpdt-align-left wpdt-valign-top\"\n                                            data-cell-id=\"B4\"\n                    data-col-index=\"1\"\n                    data-row-index=\"3\"\n                    style=\"                    padding:20px;\n                    \"\n                    >\n                                        Lohja                    <\/td>\n                                                <td class=\"wpdt-cell wpdt-align-left\"\n                                            data-cell-id=\"C4\"\n                    data-col-index=\"2\"\n                    data-row-index=\"3\"\n                    style=\"                    padding:20px;\n                    \"\n                    >\n                                        sopuryhma(at)gmail.com                    <\/td>\n                                        <\/tr>\n                            <tr class=\"wpdt-cell-row \" >\n                                <td class=\"wpdt-cell wpdt-align-left wpdt-valign-top\"\n                                            data-cell-id=\"A5\"\n                    data-col-index=\"0\"\n                    data-row-index=\"4\"\n                    style=\"                    padding:20px;\n                    \"\n                    >\n                                        Temppelikadun AA-ryhm\u00e4\u00a0\u00a0\u00a0\u00a0\u00a0                    <\/td>\n                                                <td class=\"wpdt-cell wpdt-align-left wpdt-valign-top\"\n                                            data-cell-id=\"B5\"\n                    data-col-index=\"1\"\n                    data-row-index=\"4\"\n                    style=\"                    padding:20px;\n                    \"\n                    >\n                                        Riihim\u00e4ki                    <\/td>\n                                                <td class=\"wpdt-cell wpdt-align-left\"\n                                            data-cell-id=\"C5\"\n                    data-col-index=\"2\"\n                    data-row-index=\"4\"\n                    style=\"                    padding:20px;\n                    \"\n                    >\n                                        riihimaen.aakerho(at)gmail.com                    <\/td>\n                                        <\/tr>\n                            <tr class=\"wpdt-cell-row \" >\n                                <td class=\"wpdt-cell wpdt-align-left wpdt-valign-top\"\n                                            data-cell-id=\"A6\"\n                    data-col-index=\"0\"\n                    data-row-index=\"5\"\n                    style=\"                    padding:20px;\n                    \"\n                    >\n                                        Tiiliryhm\u00e4                    <\/td>\n                                                <td class=\"wpdt-cell wpdt-align-left wpdt-valign-top\"\n                                            data-cell-id=\"B6\"\n                    data-col-index=\"1\"\n                    data-row-index=\"5\"\n                    style=\"                    padding:20px;\n                    \"\n                    >\n                                        Riihim\u00e4ki                    <\/td>\n                                                <td class=\"wpdt-cell wpdt-align-left\"\n                                            data-cell-id=\"C6\"\n                    data-col-index=\"2\"\n                    data-row-index=\"5\"\n                    style=\"                    padding:20px;\n                    \"\n                    >\n                                        tiiliryhma(at)outlook.com                    <\/td>\n                                        <\/tr>\n                            <tr class=\"wpdt-cell-row \" >\n                                <td class=\"wpdt-cell wpdt-align-left wpdt-valign-top\"\n                                            data-cell-id=\"A7\"\n                    data-col-index=\"0\"\n                    data-row-index=\"6\"\n                    style=\"                    padding:20px;\n                    \"\n                    >\n                                        Ihme-ryhm\u00e4                    <\/td>\n                                                <td class=\"wpdt-cell wpdt-align-left wpdt-valign-top\"\n                                            data-cell-id=\"B7\"\n                    data-col-index=\"1\"\n                    data-row-index=\"6\"\n                    style=\"                    padding:20px;\n                    \"\n                    >\n                                        Vihti                    <\/td>\n                                                <td class=\"wpdt-cell wpdt-align-left\"\n                                            data-cell-id=\"C7\"\n                    data-col-index=\"2\"\n                    data-row-index=\"6\"\n                    style=\"                    padding:20px;\n                    \"\n                    >\n                                        vihdinihme(at)wippies.fi                    <\/td>\n                                        <\/tr>\n                            <tr class=\"wpdt-cell-row \" >\n                                <td class=\"wpdt-cell wpdt-align-left wpdt-valign-top\"\n                                            data-cell-id=\"A8\"\n                    data-col-index=\"0\"\n                    data-row-index=\"7\"\n                    style=\"                    padding:20px;\n                    \"\n                    >\n                                        Alho-ryhm\u00e4                    <\/td>\n                                                <td class=\"wpdt-cell wpdt-align-left wpdt-valign-top\"\n                                            data-cell-id=\"B8\"\n                    data-col-index=\"1\"\n                    data-row-index=\"7\"\n                    style=\"                    padding:20px;\n                    \"\n                    >\n                                        J\u00e4rvenp\u00e4\u00e4                    <\/td>\n                                                <td class=\"wpdt-cell wpdt-align-left\"\n                                            data-cell-id=\"C8\"\n                    data-col-index=\"2\"\n                    data-row-index=\"7\"\n                    style=\"                    padding:20px;\n                    \"\n                    >\n                                        alhoaaryhma(at)gmail.com                    <\/td>\n                                        <\/tr>\n                            <tr class=\"wpdt-cell-row \" >\n                                <td class=\"wpdt-cell wpdt-align-left wpdt-valign-top\"\n                                            data-cell-id=\"A9\"\n                    data-col-index=\"0\"\n                    data-row-index=\"8\"\n                    style=\"                    padding:20px;\n                    \"\n                    >\n                                        AA-ryhm\u00e4                    <\/td>\n                                                <td class=\"wpdt-cell wpdt-align-left wpdt-valign-top\"\n                                            data-cell-id=\"B9\"\n                    data-col-index=\"1\"\n                    data-row-index=\"8\"\n                    style=\"                    padding:20px;\n                    \"\n                    >\n                                        Karjaa                    <\/td>\n                                                <td class=\"wpdt-cell wpdt-align-left\"\n                                            data-cell-id=\"C9\"\n                    data-col-index=\"2\"\n                    data-row-index=\"8\"\n                    style=\"                    padding:20px;\n                    \"\n                    >\n                                        karjaanaa(at)gmail.com                    <\/td>\n                                        <\/tr>\n                            <tr class=\"wpdt-cell-row \" >\n                                <td class=\"wpdt-cell wpdt-align-left wpdt-valign-top\"\n                                            data-cell-id=\"A10\"\n                    data-col-index=\"0\"\n                    data-row-index=\"9\"\n                    style=\"                    padding:20px;\n                    \"\n                    >\n                                        Seisake-ryhm\u00e4                    <\/td>\n                                                <td class=\"wpdt-cell wpdt-align-left wpdt-valign-top\"\n                                            data-cell-id=\"B10\"\n                    data-col-index=\"1\"\n                    data-row-index=\"9\"\n                    style=\"                    padding:20px;\n                    \"\n                    >\n                                        Jokela                    <\/td>\n                                                <td class=\"wpdt-cell wpdt-align-left\"\n                                            data-cell-id=\"C10\"\n                    data-col-index=\"2\"\n                    data-row-index=\"9\"\n                    style=\"                    padding:20px;\n                    \"\n                    >\n                                        seisake-aa(at)outlook.com                    <\/td>\n                                        <\/tr>\n                            <tr class=\"wpdt-cell-row \" >\n                                <td class=\"wpdt-cell wpdt-align-left wpdt-valign-top\"\n                                            data-cell-id=\"A11\"\n                    data-col-index=\"0\"\n                    data-row-index=\"10\"\n                    style=\"                    padding:20px;\n                    \"\n                    >\n                                        Veikkolan AA-ryhm\u00e4                    <\/td>\n                                                <td class=\"wpdt-cell wpdt-align-left wpdt-valign-top\"\n                                            data-cell-id=\"B11\"\n                    data-col-index=\"1\"\n                    data-row-index=\"10\"\n                    style=\"                    padding:20px;\n                    \"\n                    >\n                                        Kirkkonummi                    <\/td>\n                                                <td class=\"wpdt-cell wpdt-align-left wpdt-empty-cell \"\n                                            data-cell-id=\"C11\"\n                    data-col-index=\"2\"\n                    data-row-index=\"10\"\n                    style=\"                    padding:20px;\n                    \"\n                    >\n                                                            <\/td>\n                                        <\/tr>\n                    <\/table>\n<\/div><style id='wpdt-custom-style-2'>\n.wpdt-bc-03A9F4 { background-color: #03A9F4 !important;}\n<\/style>\n\n","protected":false},"excerpt":{"rendered":"","protected":false},"author":1,"featured_media":0,"parent":0,"menu_order":0,"comment_status":"closed","ping_status":"closed","template":"","meta":{"footnotes":""},"class_list":["post-63","page","type-page","status-publish","hentry"],"jetpack_sharing_enabled":true,"_links":{"self":[{"href":"https:\/\/etelasuomenaa.net\/index.php\/wp-json\/wp\/v2\/pages\/63","targetHints":{"allow":["GET"]}}],"collection":[{"href":"https:\/\/etelasuomenaa.net\/index.php\/wp-json\/wp\/v2\/pages"}],"about":[{"href":"https:\/\/etelasuomenaa.net\/index.php\/wp-json\/wp\/v2\/types\/page"}],"author":[{"embeddable":true,"href":"https:\/\/etelasuomenaa.net\/index.php\/wp-json\/wp\/v2\/users\/1"}],"replies":[{"embeddable":true,"href":"https:\/\/etelasuomenaa.net\/index.php\/wp-json\/wp\/v2\/comments?post=63"}],"version-history":[{"count":2,"href":"https:\/\/etelasuomenaa.net\/index.php\/wp-json\/wp\/v2\/pages\/63\/revisions"}],"predecessor-version":[{"id":75,"href":"https:\/\/etelasuomenaa.net\/index.php\/wp-json\/wp\/v2\/pages\/63\/revisions\/75"}],"wp:attachment":[{"href":"https:\/\/etelasuomenaa.net\/index.php\/wp-json\/wp\/v2\/media?parent=63"}],"curies":[{"name":"wp","href":"https:\/\/api.w.org\/{rel}","templated":true}]}}