{"id":65,"date":"2024-08-20T17:40:47","date_gmt":"2024-08-20T14:40:47","guid":{"rendered":"https:\/\/etelasuomenaa.net\/wordpress\/?page_id=65"},"modified":"2026-02-13T12:54:20","modified_gmt":"2026-02-13T10:54:20","slug":"alueen-tiedotukset","status":"publish","type":"page","link":"https:\/\/etelasuomenaa.net\/index.php\/alueen-tiedotukset\/","title":{"rendered":"Alueen tiedotukset"},"content":{"rendered":"<h3>Seuraava kokous Riihiryhm\u00e4ss\u00e4 17.5.2026 kello 13<br \/>\nOsoite Etel\u00e4n Viertotie 17 (kellaritila).<\/h3>\n","protected":false},"excerpt":{"rendered":"<p>Seuraava kokous Riihiryhm\u00e4ss\u00e4 17.5.2026 kello 13 Osoite Etel\u00e4n Viertotie 17 (kellaritila).<\/p>\n","protected":false},"author":1,"featured_media":0,"parent":0,"menu_order":0,"comment_status":"closed","ping_status":"closed","template":"","meta":{"footnotes":""},"class_list":["post-65","page","type-page","status-publish","hentry"],"jetpack_sharing_enabled":true,"_links":{"self":[{"href":"https:\/\/etelasuomenaa.net\/index.php\/wp-json\/wp\/v2\/pages\/65","targetHints":{"allow":["GET"]}}],"collection":[{"href":"https:\/\/etelasuomenaa.net\/index.php\/wp-json\/wp\/v2\/pages"}],"about":[{"href":"https:\/\/etelasuomenaa.net\/index.php\/wp-json\/wp\/v2\/types\/page"}],"author":[{"embeddable":true,"href":"https:\/\/etelasuomenaa.net\/index.php\/wp-json\/wp\/v2\/users\/1"}],"replies":[{"embeddable":true,"href":"https:\/\/etelasuomenaa.net\/index.php\/wp-json\/wp\/v2\/comments?post=65"}],"version-history":[{"count":12,"href":"https:\/\/etelasuomenaa.net\/index.php\/wp-json\/wp\/v2\/pages\/65\/revisions"}],"predecessor-version":[{"id":193,"href":"https:\/\/etelasuomenaa.net\/index.php\/wp-json\/wp\/v2\/pages\/65\/revisions\/193"}],"wp:attachment":[{"href":"https:\/\/etelasuomenaa.net\/index.php\/wp-json\/wp\/v2\/media?parent=65"}],"curies":[{"name":"wp","href":"https:\/\/api.w.org\/{rel}","templated":true}]}}